{"id":30385,"date":"2025-04-04T15:32:48","date_gmt":"2025-04-04T14:32:48","guid":{"rendered":"https:\/\/aloland.v.paler.net\/?page_id=30385"},"modified":"2026-04-13T18:17:01","modified_gmt":"2026-04-13T17:17:01","slug":"blog","status":"publish","type":"page","link":"https:\/\/alo.land\/pt\/blog\/","title":{"rendered":"Blog"},"content":{"rendered":"<div class=\"et_pb_section_0 et_pb_section et_section_regular et_block_section\"><div class=\"et_pb_row_0 et_pb_row et_block_row\"><div class=\"et_pb_column_0 et_pb_column et_pb_column_4_4 et-last-child et_block_column et_pb_css_mix_blend_mode_passthrough\"><div class=\"et_pb_heading_0 et_pb_heading et_pb_module et_block_module\"><div class=\"et_pb_heading_container\"><h1 class=\"et_pb_module_header\">Blog<\/h1><\/div><\/div><\/div><\/div><div class=\"et_pb_row_1 et_pb_row et_block_row\"><div class=\"et_pb_column_1 et_pb_column et_pb_column_4_4 et-last-child et_block_column et_pb_css_mix_blend_mode_passthrough\"><div class=\"et_pb_heading_1 et_pb_heading et_pb_module et_block_module\"><div class=\"et_pb_heading_container\"><h1 class=\"et_pb_module_header\">A visual diary&#8230;<\/h1><\/div><\/div><div class=\"et_pb_blog_0 et_pb_blog et_pb_bg_layout_light et_pb_posts et_pb_module\"><div class=\"et_pb_ajax_pagination_container\"><div class=\"et_pb_posts et_grid_module\"><article class=\"et_pb_post et_pb_post_id_33099 clearfix et_pb_blog_item_0_0 post-33099 post type-post status-publish format-standard has-post-thumbnail hentry category-pb tag-leaningtrees tag-pruning tag-storm\"><div class=\"et_pb_image_container\"><a href=\"https:\/\/alo.land\/pt\/photo-pruning-these-two-pine-trees-that-ended-up-seriously-leaning-after-the-winter-storms\/\" class=\"entry-featured-image-url\"><img loading=\"lazy\" decoding=\"async\" src=\"https:\/\/alo.land\/wp-content\/uploads\/sites\/13\/2026\/04\/instagram_image-3.jpg\" width=\"400\" height=\"284\" alt=\"Pruning these two pine trees that ended up seriously leaning after the winter storms.\" class=\"\" srcset=\"https:\/\/alo.land\/wp-content\/uploads\/sites\/13\/2026\/04\/instagram_image-3.jpg 479w, https:\/\/alo.land\/wp-content\/uploads\/sites\/13\/2026\/04\/instagram_image-3-400x284.jpg 480w\" sizes=\"(max-width:479px) 479px, 100vw\" \/><span data-icon=\"\ue050\" class=\"et_overlay et_pb_inline_icon\"><\/span><\/a><\/div><h2 class=\"entry-title\"><a href=\"https:\/\/alo.land\/pt\/photo-pruning-these-two-pine-trees-that-ended-up-seriously-leaning-after-the-winter-storms\/\">Pruning these two pine trees that ended up seriously leaning after the winter storms.<\/a><\/h2><p class=\"post-meta\">by <span class=\"author vcard\"><a href=\"https:\/\/alo.land\/pt\/author\/instagram\/\" title=\"Posts by instagram\" rel=\"author\">instagram<\/a><\/span> | <span class=\"published\">Abr 21, 2026<\/span><\/p><div class=\"post-content\"><div class=\"post-content-inner\"><p>Pruning these two pine trees that ended up seriously leaning after the winter storms. It&#8217;s unlikely we can lift them back up, but hopefully they&#8217;ll continue growing like this.<\/p>\n<\/div><\/div><\/article><article class=\"et_pb_post et_pb_post_id_33092 clearfix et_pb_blog_item_0_1 post-33092 post type-post status-publish format-standard has-post-thumbnail hentry category-pb\"><div class=\"et_pb_image_container\"><a href=\"https:\/\/alo.land\/pt\/photo-i-ve-always-been-drawn-to-understanding-how-children-learn-and-thrive\/\" class=\"entry-featured-image-url\"><img loading=\"lazy\" decoding=\"async\" src=\"https:\/\/alo.land\/wp-content\/uploads\/sites\/13\/2026\/04\/instagram_image-2.jpg\" width=\"400\" height=\"284\" alt=\"I&#8217;ve always been drawn to understanding how children learn and thrive.\" class=\"\" srcset=\"https:\/\/alo.land\/wp-content\/uploads\/sites\/13\/2026\/04\/instagram_image-2.jpg 479w, https:\/\/alo.land\/wp-content\/uploads\/sites\/13\/2026\/04\/instagram_image-2-400x284.jpg 480w\" sizes=\"(max-width:479px) 479px, 100vw\" \/><span data-icon=\"\ue050\" class=\"et_overlay et_pb_inline_icon\"><\/span><\/a><\/div><h2 class=\"entry-title\"><a href=\"https:\/\/alo.land\/pt\/photo-i-ve-always-been-drawn-to-understanding-how-children-learn-and-thrive\/\">I&#8217;ve always been drawn to understanding how children learn and thrive.<\/a><\/h2><p class=\"post-meta\">by <span class=\"author vcard\"><a href=\"https:\/\/alo.land\/pt\/author\/instagram\/\" title=\"Posts by instagram\" rel=\"author\">instagram<\/a><\/span> | <span class=\"published\">Abr 14, 2026<\/span><\/p><div class=\"post-content\"><div class=\"post-content-inner\"><p>I&#8217;ve always been drawn to understanding how children learn and thrive. As a parent, I&#8217;ve explored Montessori, permaculture education, forest therapy, and now mindfulness &#8211; each adding pieces to how I support my own children and our community. The mindfulness training&#8230;<\/p>\n<\/div><\/div><\/article><article class=\"et_pb_post et_pb_post_id_33072 clearfix et_pb_blog_item_0_2 post-33072 post type-post status-publish format-standard has-post-thumbnail hentry category-pb tag-fish tag-pond tag-snake\"><div class=\"et_pb_image_container\"><a href=\"https:\/\/alo.land\/pt\/photo-this-little-snake-caught-a-big-fish-from-the-pond-i-hope-he-didn-t-choke-on-it-he-was-completely-still-while-i-took-the-photo\/\" class=\"entry-featured-image-url\"><img loading=\"lazy\" decoding=\"async\" src=\"https:\/\/alo.land\/wp-content\/uploads\/sites\/13\/2026\/04\/instagram_image-1.jpg\" width=\"400\" height=\"284\" alt=\"This little snake caught a big fish from the pond. I hope he didn&#8217;t choke on it, he was completely still while I took the photo.\" class=\"\" srcset=\"https:\/\/alo.land\/wp-content\/uploads\/sites\/13\/2026\/04\/instagram_image-1.jpg 479w, https:\/\/alo.land\/wp-content\/uploads\/sites\/13\/2026\/04\/instagram_image-1-400x284.jpg 480w\" sizes=\"(max-width:479px) 479px, 100vw\" \/><span data-icon=\"\ue050\" class=\"et_overlay et_pb_inline_icon\"><\/span><\/a><\/div><h2 class=\"entry-title\"><a href=\"https:\/\/alo.land\/pt\/photo-this-little-snake-caught-a-big-fish-from-the-pond-i-hope-he-didn-t-choke-on-it-he-was-completely-still-while-i-took-the-photo\/\">This little snake caught a big fish from the pond. I hope he didn&#8217;t choke on it, he was completely still while I took the photo.<\/a><\/h2><p class=\"post-meta\">by <span class=\"author vcard\"><a href=\"https:\/\/alo.land\/pt\/author\/instagram\/\" title=\"Posts by instagram\" rel=\"author\">instagram<\/a><\/span> | <span class=\"published\">Abr 10, 2026<\/span><\/p><div class=\"post-content\"><div class=\"post-content-inner\"><p>This little snake caught a big fish from the pond. I hope he didn&#8217;t choke on it, he was completely still while I took the photo.<\/p>\n<\/div><\/div><\/article><\/div><div class=\"pagination clearfix\">\n\t<div class=\"alignleft\"><a href=\"https:\/\/alo.land\/pt\/wp-json\/wp\/v2\/pages\/30385\/page\/2\/?et_blog\" >&laquo; Older Entries<\/a><\/div>\n\t<div class=\"alignright\"><\/div>\n<\/div><\/div><\/div><\/div><\/div><div class=\"et_pb_row_2 et_pb_row et_block_row\"><div class=\"et_pb_column_2 et_pb_column et_pb_column_4_4 et-last-child et_block_column et_pb_css_mix_blend_mode_passthrough\"><div class=\"et_pb_heading_2 et_pb_heading et_pb_module et_block_module\"><div class=\"et_pb_heading_container\"><h1 class=\"et_pb_module_header\">Written for you&#8230;<\/h1><\/div><\/div><\/div><\/div><div class=\"et_pb_row_3 et_pb_row et_block_row\"><div class=\"et_pb_column_3 et_pb_column et_pb_column_4_4 et-last-child et_block_column et_pb_css_mix_blend_mode_passthrough\"><div class=\"et_pb_blog_1 et_pb_blog et_pb_bg_layout_light et_pb_posts et_pb_module\"><div class=\"et_pb_ajax_pagination_container\"><div class=\"et_pb_posts et_grid_module\"><article class=\"et_pb_post et_pb_post_id_32850 clearfix et_pb_blog_item_1_0 post-32850 post type-post status-publish format-standard has-post-thumbnail hentry category-services tag-origami\"><div class=\"et_pb_image_container\"><a href=\"https:\/\/alo.land\/pt\/alo-ori\/\" class=\"entry-featured-image-url\"><img loading=\"lazy\" decoding=\"async\" src=\"https:\/\/alo.land\/wp-content\/uploads\/sites\/13\/2025\/10\/Untitled-1.png\" width=\"400\" height=\"284\" alt=\"Alo Ori Origami Club\" class=\"\" srcset=\"https:\/\/alo.land\/wp-content\/uploads\/sites\/13\/2025\/10\/Untitled-1.png 479w, https:\/\/alo.land\/wp-content\/uploads\/sites\/13\/2025\/10\/Untitled-1-400x284.png 480w\" sizes=\"(max-width:479px) 479px, 100vw\" \/><span data-icon=\"\ue050\" class=\"et_overlay et_pb_inline_icon\"><\/span><\/a><\/div><h2 class=\"entry-title\"><a href=\"https:\/\/alo.land\/pt\/alo-ori\/\">Alo Ori<\/a><\/h2><p class=\"post-meta\"><span class=\"published\">Out 7, 2025<\/span><\/p><div class=\"post-content\"><div class=\"post-content-inner\"><p>Alo Ori &#8211; Family Origami Club When: Tuesdays at 17:00 Where: Alo Land, Salir do Porto Who: Families with children 6+ Cost: Free (donations welcome for shared materials) Join us for a relaxed, collaborative origami session where kids and adults fold together. We&#8217;ll&#8230;<\/p>\n<\/div><\/div><\/article><article class=\"et_pb_post et_pb_post_id_32810 clearfix et_pb_blog_item_1_1 post-32810 post type-post status-publish format-standard hentry category-family tag-family tag-familyfun tag-summer tag-summercamp tag-summertreat\"><div class=\"et_pb_image_container\"><a href=\"https:\/\/alo.land\/pt\/%f0%9f%8c%9e-ultimate-summer-camp-guide-2025-caldas-da-rainha-region\/\" class=\"entry-featured-image-url\"><img loading=\"lazy\" decoding=\"async\" src=\"https:\/\/alo.land\/wp-content\/uploads\/sites\/13\/2025\/06\/Beach.jpg\" width=\"400\" height=\"250\" alt=\"\ud83c\udf1e Ultimate Summer Camp Guide 2025 | Caldas da Rainha &amp; Region\" class=\"\" \/><span data-icon=\"\ue050\" class=\"et_overlay et_pb_inline_icon\"><\/span><\/a><\/div><h2 class=\"entry-title\"><a href=\"https:\/\/alo.land\/pt\/%f0%9f%8c%9e-ultimate-summer-camp-guide-2025-caldas-da-rainha-region\/\">\ud83c\udf1e Guia Definitivo de Campos de Ver\u00e3o 2025 | Caldas da Rainha &amp; Regi\u00e3o<\/a><\/h2><p class=\"post-meta\"><span class=\"published\">Jun 16, 2025<\/span><\/p><div class=\"post-content\"><div class=\"post-content-inner\"><p>Struggling to find the perfect summer activities for your kids? We&#8217;ve done the research for you! Here&#8217;s your complete guide to 21 amazing summer camps in our region &#8211; from forest schools to science labs, sports camps to creative workshops. Something magical for every&#8230;<\/p>\n<\/div><\/div><\/article><article class=\"et_pb_post et_pb_post_id_32790 clearfix et_pb_blog_item_1_2 post-32790 post type-post status-publish format-standard has-post-thumbnail hentry category-expedicoes-cientificas category-family category-scientific-expeditions tag-ciencia tag-educacao tag-education tag-expedicao tag-expedition tag-familia tag-family tag-science tag-travels tag-trips tag-viagem\"><div class=\"et_pb_image_container\"><a href=\"https:\/\/alo.land\/pt\/a-descobrir-portugal-atraves-da-ciencia-comecamos-a-nossa-aventura-ciencia-viva\/\" class=\"entry-featured-image-url\"><img loading=\"lazy\" decoding=\"async\" src=\"https:\/\/alo.land\/wp-content\/uploads\/sites\/13\/2025\/06\/PXL_20250610_151510936-1-1.jpg\" width=\"400\" height=\"284\" alt=\"Discovering Portugal Through Science: Our Scientific Expeditions Begin\" class=\"\" srcset=\"https:\/\/alo.land\/wp-content\/uploads\/sites\/13\/2025\/06\/PXL_20250610_151510936-1-1.jpg 479w, https:\/\/alo.land\/wp-content\/uploads\/sites\/13\/2025\/06\/PXL_20250610_151510936-1-1-400x284.jpg 480w\" sizes=\"(max-width:479px) 479px, 100vw\" \/><span data-icon=\"\ue050\" class=\"et_overlay et_pb_inline_icon\"><\/span><\/a><\/div><h2 class=\"entry-title\"><a href=\"https:\/\/alo.land\/pt\/a-descobrir-portugal-atraves-da-ciencia-comecamos-a-nossa-aventura-ciencia-viva\/\">A descobrir Portugal atrav\u00e9s da Ci\u00eancia: Come\u00e7amos as nossas expedi\u00e7\u00f5es cient\u00edficas<\/a><\/h2><p class=\"post-meta\"><span class=\"published\">Jun 12, 2025<\/span><\/p><div class=\"post-content\"><div class=\"post-content-inner\"><p>A few weeks ago, I discovered something that completely changed how we explore Portugal with the children: the Circuitos Ci\u00eancia Viva Card. I&#8217;d been looking for different experiences for the kids, who lately have been fascinated with everything science and nature&#8230;.<\/p>\n<\/div><\/div><\/article><article class=\"et_pb_post et_pb_post_id_32773 clearfix et_pb_blog_item_1_3 post-32773 post type-post status-publish format-standard has-post-thumbnail hentry category-expedicoes-cientificas category-family tag-agua tag-alviela tag-carso tag-carsoscopio tag-cienciaviva tag-educacao tag-education tag-expedicao tag-expedition tag-familia tag-family tag-viagens tag-water\"><div class=\"et_pb_image_container\"><a href=\"https:\/\/alo.land\/pt\/centro-ciencia-viva-do-alviela-carsoscopio\/\" class=\"entry-featured-image-url\"><img loading=\"lazy\" decoding=\"async\" src=\"https:\/\/alo.land\/wp-content\/uploads\/sites\/13\/2025\/06\/PXL_20250610_151510936-1-1.jpg\" width=\"400\" height=\"284\" alt=\"Centro Ci\u00eancia Viva do Alviela &#8211; Carsosc\u00f3pio\" class=\"\" srcset=\"https:\/\/alo.land\/wp-content\/uploads\/sites\/13\/2025\/06\/PXL_20250610_151510936-1-1.jpg 479w, https:\/\/alo.land\/wp-content\/uploads\/sites\/13\/2025\/06\/PXL_20250610_151510936-1-1-400x284.jpg 480w\" sizes=\"(max-width:479px) 479px, 100vw\" \/><span data-icon=\"\ue050\" class=\"et_overlay et_pb_inline_icon\"><\/span><\/a><\/div><h2 class=\"entry-title\"><a href=\"https:\/\/alo.land\/pt\/centro-ciencia-viva-do-alviela-carsoscopio\/\">Centro Ci\u00eancia Viva do Alviela &#8211; Carsosc\u00f3pio<\/a><\/h2><p class=\"post-meta\"><span class=\"published\">Jun 11, 2025<\/span><\/p><div class=\"post-content\"><div class=\"post-content-inner\"><p>Location: Louriceira, Alviela, Santar\u00e9m, Ribatejo Map: https:\/\/maps.app.goo.gl\/kfuzKiogSdTKvN34A Website: https:\/\/alviela.cienciaviva.pt\/ Distance from Alo Land: About 1 hour&#8217;s drive Field Notes Overall impression: So much more than we expected! Recommended ages: All&#8230;<\/p>\n<\/div><\/div><\/article><article class=\"et_pb_post et_pb_post_id_21180 clearfix et_pb_blog_item_1_4 post-21180 post type-post status-publish format-standard has-post-thumbnail hentry category-music-together category-services tag-activities tag-alo-land tag-children tag-family tag-homeschooling tag-music tag-music-together tag-services\"><div class=\"et_pb_image_container\"><a href=\"https:\/\/alo.land\/pt\/melodies-memories-and-more-reflecting-on-a-musical-spring-with-music-together-silver\/\" class=\"entry-featured-image-url\"><img loading=\"lazy\" decoding=\"async\" src=\"https:\/\/alo.land\/wp-content\/uploads\/sites\/13\/2024\/06\/RK-May-11.jpg\" width=\"377\" height=\"284\" alt=\"Melodies, Memories, and More: Reflecting on a Musical Spring with Music Together Silver\" class=\"\" srcset=\"https:\/\/alo.land\/wp-content\/uploads\/sites\/13\/2024\/06\/RK-May-11.jpg 479w, https:\/\/alo.land\/wp-content\/uploads\/sites\/13\/2024\/06\/RK-May-11-768x578.jpg 480w\" sizes=\"(max-width:479px) 479px, 100vw\" \/><span data-icon=\"\ue050\" class=\"et_overlay et_pb_inline_icon\"><\/span><\/a><\/div><h2 class=\"entry-title\"><a href=\"https:\/\/alo.land\/pt\/melodies-memories-and-more-reflecting-on-a-musical-spring-with-music-together-silver\/\">Melodies, Memories, and More: Reflecting on a Musical Spring with Music Together Silver<\/a><\/h2><p class=\"post-meta\"><span class=\"published\">Jun 2, 2024<\/span><\/p><div class=\"post-content\"><div class=\"post-content-inner\"><p>This spring has been a time of exciting beginnings for Music Together Silver Coast! We launched our program, offering families on the Silver Coast a unique chance to connect through music. We were thrilled to be the first and only Music Together center in Portugal to&#8230;<\/p>\n<\/div><\/div><\/article><article class=\"et_pb_post et_pb_post_id_19340 clearfix et_pb_blog_item_1_5 post-19340 post type-post status-publish format-standard has-post-thumbnail hentry category-music-together category-services tag-activities tag-alo-land tag-children tag-family tag-homeschooling tag-music tag-music-together tag-services\"><div class=\"et_pb_image_container\"><a href=\"https:\/\/alo.land\/pt\/music-together-silver-coast\/\" class=\"entry-featured-image-url\"><img loading=\"lazy\" decoding=\"async\" src=\"https:\/\/alo.land\/wp-content\/uploads\/sites\/13\/2024\/02\/XVqc7axbIfbSq9h7w1Qo-1-bpj0m_2x-2.jpg\" width=\"284\" height=\"284\" alt=\"Music Together Silver Coast: Hitting the Right Chord for Families\" class=\"\" srcset=\"https:\/\/alo.land\/wp-content\/uploads\/sites\/13\/2024\/02\/XVqc7axbIfbSq9h7w1Qo-1-bpj0m_2x-2.jpg 479w, https:\/\/alo.land\/wp-content\/uploads\/sites\/13\/2024\/02\/XVqc7axbIfbSq9h7w1Qo-1-bpj0m_2x-2-300x300.jpg 480w\" sizes=\"(max-width:479px) 479px, 100vw\" \/><span data-icon=\"\ue050\" class=\"et_overlay et_pb_inline_icon\"><\/span><\/a><\/div><h2 class=\"entry-title\"><a href=\"https:\/\/alo.land\/pt\/music-together-silver-coast\/\">Music Together Silver Coast: Hitting the Right Chord for Families<\/a><\/h2><p class=\"post-meta\"><span class=\"published\">Fev 9, 2024<\/span><\/p><div class=\"post-content\"><div class=\"post-content-inner\"><p>When our first child arrived, we were yearning for ways to bond with our little maestro, meet other new parent rockstars, and have a predictable, happy encore to look forward to each week. Enter Music Together: our weekly serenade of joy. Dancing, singing, and making&#8230;<\/p>\n<\/div><\/div><\/article><article class=\"et_pb_post et_pb_post_id_18920 clearfix et_pb_blog_item_1_6 post-18920 post type-post status-publish format-standard has-post-thumbnail hentry category-homestead category-permaculture\"><div class=\"et_pb_image_container\"><a href=\"https:\/\/alo.land\/pt\/19-times\/\" class=\"entry-featured-image-url\"><img loading=\"lazy\" decoding=\"async\" src=\"https:\/\/alo.land\/wp-content\/uploads\/sites\/13\/2024\/01\/PXL_20231031_162307093.PORTRAIT.jpg\" width=\"284\" height=\"284\" alt=\"19 times\" class=\"\" srcset=\"https:\/\/alo.land\/wp-content\/uploads\/sites\/13\/2024\/01\/PXL_20231031_162307093.PORTRAIT.jpg 479w, https:\/\/alo.land\/wp-content\/uploads\/sites\/13\/2024\/01\/PXL_20231031_162307093.PORTRAIT-300x300.jpg 480w\" sizes=\"(max-width:479px) 479px, 100vw\" \/><span data-icon=\"\ue050\" class=\"et_overlay et_pb_inline_icon\"><\/span><\/a><\/div><h2 class=\"entry-title\"><a href=\"https:\/\/alo.land\/pt\/19-times\/\">19 times<\/a><\/h2><p class=\"post-meta\"><span class=\"published\">Jan 4, 2024<\/span><\/p><div class=\"post-content\"><div class=\"post-content-inner\"><p>He was walking slower than usual. His face was as serious and dignified as always, though a little puzzled. Not bad after losing so much blood and landing a backflip fall from three times his height. I caught him again and put him back in the cone, this time holding&#8230;<\/p>\n<\/div><\/div><\/article><article class=\"et_pb_post et_pb_post_id_18540 clearfix et_pb_blog_item_1_7 post-18540 post type-post status-publish format-standard has-post-thumbnail hentry category-homestead category-permaculture tag-bird-manure tag-duck-poop tag-ducks tag-geese tag-manure tag-natural-fertilizer tag-permaculture tag-soil-building\"><div class=\"et_pb_image_container\"><a href=\"https:\/\/alo.land\/pt\/soil-building-with-ducks-and-geese\/\" class=\"entry-featured-image-url\"><img loading=\"lazy\" decoding=\"async\" src=\"https:\/\/alo.land\/wp-content\/uploads\/sites\/13\/2023\/12\/PXL_20231213_165320948.jpg\" width=\"350\" height=\"284\" alt=\"Soil building with ducks and geese\" class=\"\" srcset=\"https:\/\/alo.land\/wp-content\/uploads\/sites\/13\/2023\/12\/PXL_20231213_165320948.jpg 479w, https:\/\/alo.land\/wp-content\/uploads\/sites\/13\/2023\/12\/PXL_20231213_165320948-768x622.jpg 480w\" sizes=\"(max-width:479px) 479px, 100vw\" \/><span data-icon=\"\ue050\" class=\"et_overlay et_pb_inline_icon\"><\/span><\/a><\/div><h2 class=\"entry-title\"><a href=\"https:\/\/alo.land\/pt\/soil-building-with-ducks-and-geese\/\">Soil building with ducks and geese<\/a><\/h2><p class=\"post-meta\"><span class=\"published\">Dez 14, 2023<\/span><\/p><div class=\"post-content\"><div class=\"post-content-inner\"><p>Having scaled up our duck and geese flock this year, we&#8217;ve had to figure out how to provide them with the fresh pasture they need while at the same time regenerating the soil instead of depleting it. We read a lot about rotational grazing and holistic&#8230;<\/p>\n<\/div><\/div><\/article><article class=\"et_pb_post et_pb_post_id_18360 clearfix et_pb_blog_item_1_8 post-18360 post type-post status-publish format-standard has-post-thumbnail hentry category-permaculture category-services tag-duck tag-duck-eggs tag-duckchronicles tag-eggs tag-harvest tag-homesteadlife tag-permaculture\"><div class=\"et_pb_image_container\"><a href=\"https:\/\/alo.land\/pt\/selling-duck-eggs\/\" class=\"entry-featured-image-url\"><img loading=\"lazy\" decoding=\"async\" src=\"https:\/\/alo.land\/wp-content\/uploads\/sites\/13\/2023\/12\/PXL_20231115_081631236.jpg\" width=\"284\" height=\"284\" alt=\"We are selling Duck Eggs !\" class=\"\" srcset=\"https:\/\/alo.land\/wp-content\/uploads\/sites\/13\/2023\/12\/PXL_20231115_081631236.jpg 479w, https:\/\/alo.land\/wp-content\/uploads\/sites\/13\/2023\/12\/PXL_20231115_081631236-300x300.jpg 480w\" sizes=\"(max-width:479px) 479px, 100vw\" \/><span data-icon=\"\ue050\" class=\"et_overlay et_pb_inline_icon\"><\/span><\/a><\/div><h2 class=\"entry-title\"><a href=\"https:\/\/alo.land\/pt\/selling-duck-eggs\/\">We are selling Duck Eggs !<\/a><\/h2><p class=\"post-meta\"><span class=\"published\">Dez 7, 2023<\/span><\/p><div class=\"post-content\"><div class=\"post-content-inner\"><p>Our ducks have been a delightful surprise this year, laying eggs with gusto long before the arrival of spring. We&#8217;ve been thrilled to enjoy their fresh, flavourful eggs on a regular basis, but our flock has grown so large that we&#8217;ve found ourselves with&#8230;<\/p>\n<\/div><\/div><\/article><\/div><div class=\"pagination clearfix\">\n\t<div class=\"alignleft\"><a href=\"https:\/\/alo.land\/pt\/wp-json\/wp\/v2\/pages\/30385\/page\/2\/?et_blog\" >&laquo; Older Entries<\/a><\/div>\n\t<div class=\"alignright\"><\/div>\n<\/div><\/div><\/div><\/div><\/div><\/div>","protected":false},"excerpt":{"rendered":"","protected":false},"author":2,"featured_media":0,"parent":0,"menu_order":0,"comment_status":"closed","ping_status":"closed","template":"","meta":{"footnotes":""},"class_list":["post-30385","page","type-page","status-publish","hentry"],"_links":{"self":[{"href":"https:\/\/alo.land\/pt\/wp-json\/wp\/v2\/pages\/30385","targetHints":{"allow":["GET"]}}],"collection":[{"href":"https:\/\/alo.land\/pt\/wp-json\/wp\/v2\/pages"}],"about":[{"href":"https:\/\/alo.land\/pt\/wp-json\/wp\/v2\/types\/page"}],"author":[{"embeddable":true,"href":"https:\/\/alo.land\/pt\/wp-json\/wp\/v2\/users\/2"}],"replies":[{"embeddable":true,"href":"https:\/\/alo.land\/pt\/wp-json\/wp\/v2\/comments?post=30385"}],"version-history":[{"count":5,"href":"https:\/\/alo.land\/pt\/wp-json\/wp\/v2\/pages\/30385\/revisions"}],"predecessor-version":[{"id":33082,"href":"https:\/\/alo.land\/pt\/wp-json\/wp\/v2\/pages\/30385\/revisions\/33082"}],"wp:attachment":[{"href":"https:\/\/alo.land\/pt\/wp-json\/wp\/v2\/media?parent=30385"}],"curies":[{"name":"wp","href":"https:\/\/api.w.org\/{rel}","templated":true}]}}