{"id":18660,"date":"2023-12-21T09:39:39","date_gmt":"2023-12-21T09:39:39","guid":{"rendered":"https:\/\/aloland.v.paler.net\/duck-eggs\/"},"modified":"2026-04-13T18:16:56","modified_gmt":"2026-04-13T17:16:56","slug":"duck-eggs","status":"publish","type":"page","link":"https:\/\/alo.land\/pt\/duck-eggs\/","title":{"rendered":"Delightful Duck Eggs"},"content":{"rendered":"<div class=\"et_pb_section_0 et_pb_section et_section_specialty et_pb_gutters3 et_block_section\"><div class=\"et_pb_row et_block_row\"><div class=\"et_pb_column_0 et_pb_column et_pb_specialty_column et_pb_column_1_2 et_block_column et_pb_css_mix_blend_mode_passthrough\"><div class=\"et_pb_row_inner_0 et_pb_row_inner et_block_row\"><div class=\"et_pb_column_inner_0 et_pb_column_inner et_pb_column et_pb_column_4_4 et-last-child et_block_column et_pb_css_mix_blend_mode_passthrough\"><div class=\"et_pb_heading_0 et_pb_heading et_pb_module et_block_module\"><div class=\"et_pb_heading_container\"><h1 class=\"et_pb_module_header\">Ovos de Pata Felizes<\/h1><\/div><\/div><\/div><\/div><div class=\"et_pb_row_inner_1 et_pb_row_inner et_block_row\"><div class=\"et_pb_column_inner_1 et_pb_column_inner et_pb_column et_pb_column_4_4 et-last-child et_block_column et_pb_css_mix_blend_mode_passthrough\"><div class=\"et_pb_text_0 et_pb_text et_pb_bg_layout_light et_pb_module et_block_module\"><div class=\"et_pb_text_inner\"><p data-start=\"0\" data-end=\"414\" class=\"\">Os nossos patos vivem num bando grande ao ar livre, onde forrageam \u00e0 vontade. T\u00eam acesso a um lago, muito espa\u00e7o e ra\u00e7\u00e3o biol\u00f3gica. Tamb\u00e9m contam a prote\u00e7\u00e3o de um bando de gansos e da nossa fam\u00edlia. A nossa gest\u00e3o da terra e dos animais \u00e9 regenerativa, o que significa que usamos pr\u00e1ticas boas para o ambiente e que apoiam a fauna e floras locais. S\u00e3o patos felizes, mimados e isso reflete-se nos seus ovos.<\/p>\n<\/div><\/div><\/div><\/div><div class=\"et_pb_row_inner_2 et_pb_row_inner et_block_row\"><div class=\"et_pb_column_inner_2 et_pb_column_inner et_pb_column et_pb_column_1_4 et_block_column et_pb_css_mix_blend_mode_passthrough\"><div class=\"et_pb_cta_0 et_pb_promo et_pb_bg_layout_dark et_pb_module et_block_module\"><div class=\"et_pb_promo_description\"><h2 class=\"et_pb_module_header\">Como cozinh\u00e1-los?<\/h2><div class=\"et_pb_promo_content\"><p>Saiba as diferentes formas de cozinhas ovos de pata.<\/p>\n<\/div><\/div><div class=\"et_pb_button_wrapper\"><a class=\"et_pb_button et_pb_promo_button\" href=\"#cozinharovos\">Mais...<\/a><\/div><\/div><\/div><div class=\"et_pb_column_inner_3 et_pb_column_inner et_pb_column et_pb_column_1_4 et-last-child et_block_column et_pb_css_mix_blend_mode_passthrough\"><div class=\"et_pb_image_0 et_pb_image et_pb_module et_block_module\"><a href=\"https:\/\/wa.me\/351928128633\"><span class=\"et_pb_image_wrap\"><img decoding=\"async\" src=\"https:\/\/aloland.v.paler.net\/wp-content\/uploads\/sites\/13\/2025\/03\/WhatsAppButtonGreenSmall.png\" title=\"WhatsAppButtonGreenSmall\" \/><\/span><\/a><\/div><\/div><\/div><\/div><div class=\"et_pb_column_1 et_pb_column et_pb_column_single et_pb_column_1_2 et-last-child et_block_column et_pb_css_mix_blend_mode_passthrough\"><div class=\"et_pb_image_1 et_pb_image et_pb_module et_block_module\"><span class=\"et_pb_image_wrap\"><img decoding=\"async\" src=\"https:\/\/aloland.v.paler.net\/wp-content\/uploads\/sites\/13\/2025\/03\/instagram_image-20250321-052658-1024x1024.jpg\" title=\"Mother duck and babies\" \/><\/span><\/div><\/div><\/div><\/div><div class=\"et_pb_section_1 et_pb_section et_section_regular et_block_section\"><div class=\"et_pb_row_0 et_pb_row et_block_row\"><div class=\"et_pb_column_2 et_pb_column et_pb_column_4_4 et-last-child et_block_column et_pb_css_mix_blend_mode_passthrough\"><div class=\"et_pb_heading_1 et_pb_heading et_pb_module et_block_module\"><div class=\"et_pb_heading_container\"><h1 class=\"et_pb_module_header\">Porqu\u00ea escolher Ovos de Pata?<\/h1><\/div><\/div><\/div><\/div><div class=\"et_pb_row_1 et_pb_row et_block_row\"><div class=\"et_pb_column_3 et_pb_column et_pb_column_1_3 et_block_column et_pb_css_mix_blend_mode_passthrough\"><div class=\"et_pb_blurb_0 et_pb_blurb et_pb_bg_layout_light et_pb_blurb_position_top et_pb_module et_block_module\"><div class=\"et_pb_blurb_content\"><div class=\"et_pb_main_blurb_image\"><span class=\"et_pb_image_wrap\"><span class=\"et-pb-icon et_animated et_animated\">\uf21e<\/span><\/span><\/div><div class=\"et_pb_blurb_container\"><h4 class=\"et_pb_module_header\">Nutritivos<\/h4><div class=\"et_pb_blurb_description\"><p>S\u00e3o mais nutritivos: cont\u00eam mais prote\u00ednas, vitaminas, \u00f3mega-3 e \u00f3mega-6.<\/p>\n<\/div><\/div><\/div><\/div><\/div><div class=\"et_pb_column_4 et_pb_column et_pb_column_1_3 et_block_column et_pb_css_mix_blend_mode_passthrough\"><div class=\"et_pb_blurb_1 et_pb_blurb et_pb_bg_layout_light et_pb_blurb_position_top et_pb_module et_block_module\"><div class=\"et_pb_blurb_content\"><div class=\"et_pb_main_blurb_image\"><span class=\"et_pb_image_wrap\"><span class=\"et-pb-icon et_animated et_animated\">\uf00e<\/span><\/span><\/div><div class=\"et_pb_blurb_container\"><h4 class=\"et_pb_module_header\">Maiores e mais Cremosos<\/h4><div class=\"et_pb_blurb_description\"><p>Os ovos de pata s\u00e3o maiores. A clara \u00e9 mais densa e a gema mais cremosa, o que os torna perfeitos para receitas.<\/p>\n<\/div><\/div><\/div><\/div><\/div><div class=\"et_pb_column_5 et_pb_column et_pb_column_1_3 et-last-child et_block_column et_pb_css_mix_blend_mode_passthrough\"><div class=\"et_pb_blurb_2 et_pb_blurb et_pb_bg_layout_light et_pb_blurb_position_top et_pb_module et_block_module\"><div class=\"et_pb_blurb_content\"><div class=\"et_pb_main_blurb_image\"><span class=\"et_pb_image_wrap\"><span class=\"et-pb-icon et_animated et_animated\">\uf18c<\/span><\/span><\/div><div class=\"et_pb_blurb_container\"><h4 class=\"et_pb_module_header\">Sustent\u00e1vel<\/h4><div class=\"et_pb_blurb_description\"><p>Os nossos patos andam livremente, e as nossas pr\u00e1ticas agr\u00edcolas s\u00e3o regenerativas, o que significa que s\u00e3o ben\u00e9ficas para o ambiente e apoiam a vida selvagem local.<\/p>\n<\/div><\/div><\/div><\/div><\/div><\/div><div class=\"et_pb_row_2 et_pb_row et_block_row\"><div class=\"et_pb_column_6 et_pb_column et_pb_column_4_4 et-last-child et_block_column et_pb_css_mix_blend_mode_passthrough\"><div class=\"et_pb_heading_2 et_pb_heading et_pb_module et_block_module\"><div class=\"et_pb_heading_container\"><h1 class=\"et_pb_module_header\">Onde Comprar os Nossos Ovos<\/h1><\/div><\/div><\/div><\/div><div class=\"et_pb_row_3 et_pb_row et_block_row\"><div class=\"et_pb_column_7 et_pb_column et_pb_column_1_3 et_block_column et_pb_css_mix_blend_mode_passthrough\"><div class=\"et_pb_blurb_3 et_pb_blurb et_pb_bg_layout_light et_pb_blurb_position_top et_pb_module et_block_module\"><div class=\"et_pb_blurb_content\"><div class=\"et_pb_main_blurb_image\"><span class=\"et_pb_image_wrap\"><span class=\"et-pb-icon et_animated et_animated\">\uf291<\/span><\/span><\/div><div class=\"et_pb_blurb_container\"><h4 class=\"et_pb_module_header\">Recolha em Salir do Porto<\/h4><div class=\"et_pb_blurb_description\"><p>Venha visitar a nossa quinta e veja como vivem os nossos patos. Poder\u00e1 conhecer e ver pessoalmente de onde v\u00eam os seus ovos.<\/p>\n<\/div><\/div><\/div><\/div><\/div><div class=\"et_pb_column_8 et_pb_column et_pb_column_1_3 et_block_column et_pb_css_mix_blend_mode_passthrough\"><div class=\"et_pb_blurb_4 et_pb_blurb et_pb_bg_layout_light et_pb_blurb_position_top et_pb_module et_block_module\"><div class=\"et_pb_blurb_content\"><div class=\"et_pb_main_blurb_image\"><span class=\"et_pb_image_wrap\"><span class=\"et-pb-icon et_animated et_animated\">\uf206<\/span><\/span><\/div><div class=\"et_pb_blurb_container\"><h4 class=\"et_pb_module_header\">Entrega de bicicleta<\/h4><div class=\"et_pb_blurb_description\"><p>Se mora em Salir do Porto ou arredores, entregamos os ovos \u00e0 sua porta de bicicleta.<\/p>\n<div class=\"kg-card kg-callout-card kg-callout-card-blue\">\n<div class=\"kg-callout-emoji\"><\/div>\n<\/div>\n<\/div><\/div><\/div><\/div><\/div><div class=\"et_pb_column_9 et_pb_column et_pb_column_1_3 et-last-child et_block_column et_pb_css_mix_blend_mode_passthrough\"><div class=\"et_pb_blurb_5 et_pb_blurb et_pb_bg_layout_light et_pb_blurb_position_top et_pb_module et_block_module\"><div class=\"et_pb_blurb_content\"><div class=\"et_pb_main_blurb_image\"><span class=\"et_pb_image_wrap\"><span class=\"et-pb-icon et_animated et_animated\">\uf540<\/span><\/span><\/div><div class=\"et_pb_blurb_container\"><h4 class=\"et_pb_module_header\">Entrega nas Caldas da Rainha<\/h4><div class=\"et_pb_blurb_description\"><p>Fa\u00e7a a sua encomenda connosco e combinamos um hor\u00e1rio conveniente para lhe entregar os ovos na cidade.<\/p>\n<\/div><\/div><\/div><\/div><\/div><\/div><div class=\"et_pb_row_4 et_pb_row et_block_row\"><div class=\"et_pb_column_10 et_pb_column et_pb_column_2_5 et_block_column et_pb_css_mix_blend_mode_passthrough\"><div class=\"et_pb_image_2 et_pb_image et_pb_module et_block_module\"><span class=\"et_pb_image_wrap\"><img decoding=\"async\" src=\"https:\/\/aloland.v.paler.net\/wp-content\/uploads\/sites\/13\/2023\/12\/Hold-Egg-768x1024.jpg\" title=\"Hold-Egg.jpg\" \/><\/span><\/div><\/div><div class=\"et_pb_column_11 et_pb_column et_pb_column_3_5 et-last-child et_block_column et_pb_css_mix_blend_mode_passthrough\"><div class=\"et_pb_heading_3 et_pb_heading et_pb_module et_block_module\"><div class=\"et_pb_heading_container\"><h1 class=\"et_pb_module_header\">Perguntas Frequentes<\/h1><\/div><\/div><div class=\"et_pb_heading_4 et_pb_heading et_pb_module et_block_module\"><div class=\"et_pb_heading_container\"><h1 class=\"et_pb_module_header\">Os ovos de pata s\u00e3o mais saud\u00e1veis do que os ovos de galinha?<\/h1><\/div><\/div><div class=\"et_pb_text_1 et_pb_text et_pb_bg_layout_light et_pb_module et_block_module\"><div class=\"et_pb_text_inner\"><p>Os ovos de pata s\u00e3o mais ricos em nutrientes do que os ovos de galinha, especialmente em vitamina B12 e \u00e1cidos gordos \u00f3mega-3.<\/p>\n<\/div><\/div><div class=\"et_pb_heading_5 et_pb_heading et_pb_module et_block_module\"><div class=\"et_pb_heading_container\"><h1 class=\"et_pb_module_header\">Os ovos de pata podem substituir os ovos de galinha?<\/h1><\/div><\/div><div class=\"et_pb_text_2 et_pb_text et_pb_bg_layout_light et_pb_module et_block_module\"><div class=\"et_pb_text_inner\"><p>Sim! Os ovos de pato podem substituir os ovos de galinha numa propor\u00e7\u00e3o de um para um, embora possam necessitar de agentes levedantes adicionais devido ao seu sabor e textura mais ricos.\n\nAdicionalmente, como os ovos s\u00e3o maiores, pode querer ajustar um pouco as quantidades, quando a receita pede v\u00e1rios ovos.<\/p>\n<\/div><\/div><div class=\"et_pb_heading_6 et_pb_heading et_pb_module et_block_module\"><div class=\"et_pb_heading_container\"><h1 class=\"et_pb_module_header\">Qual \u00e9 o sabor dos ovos de pata?<\/h1><\/div><\/div><div class=\"et_pb_text_3 et_pb_text et_pb_bg_layout_light et_pb_module et_block_module\"><div class=\"et_pb_text_inner\"><p>Os ovos de pata t\u00eam um sabor mais rico e cremoso do que os ovos de galinha, e as suas gemas s\u00e3o significativamente maiores.<\/p>\n<\/div><\/div><\/div><\/div><div class=\"et_pb_row_5 et_pb_row et_block_row\" id=\"cozinharovos\"><div class=\"et_pb_column_12 et_pb_column et_pb_column_3_5 et_block_column et_pb_css_mix_blend_mode_passthrough\"><div class=\"et_pb_heading_7 et_pb_heading et_pb_module et_block_module\"><div class=\"et_pb_heading_container\"><h1 class=\"et_pb_module_header\">Cozinhar e Preparar Ovos de Pata<\/h1><\/div><\/div><div class=\"et_pb_blurb_6 et_pb_blurb et_pb_bg_layout_light et_pb_blurb_position_top et_pb_module et_block_module\"><div class=\"et_pb_blurb_content\"><div class=\"et_pb_blurb_container\"><h4 class=\"et_pb_module_header\">Pastelaria<\/h4><div class=\"et_pb_blurb_description\"><p>Os ovos de pata s\u00e3o fant\u00e1sticos para bolos e pastelaria, pois adicionam humidade, riqueza e volume.<\/p>\n<\/div><\/div><\/div><\/div><div class=\"et_pb_blurb_7 et_pb_blurb et_pb_bg_layout_light et_pb_blurb_position_top et_pb_module et_block_module\"><div class=\"et_pb_blurb_content\"><div class=\"et_pb_blurb_container\"><h4 class=\"et_pb_module_header\">Ovos mexidos e fritos<\/h4><div class=\"et_pb_blurb_description\"><p>Os ovos de pata s\u00e3o uma excelente base para ovos mexidos ou fritos. T\u00eam um sabor amanteigado e rico e mant\u00eam bem a forma.<\/p>\n<\/div><\/div><\/div><\/div><div class=\"et_pb_blurb_8 et_pb_blurb et_pb_bg_layout_light et_pb_blurb_position_top et_pb_module et_block_module\"><div class=\"et_pb_blurb_content\"><div class=\"et_pb_blurb_container\"><h4 class=\"et_pb_module_header\">Cozinhar<\/h4><div class=\"et_pb_blurb_description\"><p>Devido ao seu sabor e textura intensos, os ovos de pata s\u00e3o uma excelente adi\u00e7\u00e3o a omeletes, quiches e frittatas.<\/p>\n<\/div><\/div><\/div><\/div><div class=\"et_pb_blurb_9 et_pb_blurb et_pb_bg_layout_light et_pb_blurb_position_top et_pb_module et_block_module\"><div class=\"et_pb_blurb_content\"><div class=\"et_pb_blurb_container\"><h4 class=\"et_pb_module_header\">Pickles<\/h4><div class=\"et_pb_blurb_description\"><p>Try pickling your duck eggs for a delicious snack that's both savoury and tangy. They make for a great garnish too.<\/p>\n<\/div><\/div><\/div><\/div><div class=\"et_pb_blurb_10 et_pb_blurb et_pb_bg_layout_light et_pb_blurb_position_top et_pb_module et_block_module\"><div class=\"et_pb_blurb_content\"><div class=\"et_pb_blurb_container\"><h4 class=\"et_pb_module_header\">Ovos cozidos<\/h4><div class=\"et_pb_blurb_description\"><p>Dica: Para cozer ovos de pata, sugerimos coz\u00ea-los a vapor para que sejam super f\u00e1ceis de descascar!<\/p>\n<\/div><\/div><\/div><\/div><\/div><div class=\"et_pb_column_13 et_pb_column et_pb_column_2_5 et-last-child et_block_column et_pb_css_mix_blend_mode_passthrough\"><div class=\"et_pb_image_3 et_pb_image et_pb_module et_block_module\"><span class=\"et_pb_image_wrap\"><img decoding=\"async\" src=\"https:\/\/aloland.v.paler.net\/wp-content\/uploads\/sites\/13\/2025\/03\/instagram_image-20250320-213618.jpg\" title=\"instagram_image-20250320-213618\" \/><\/span><\/div><div class=\"et_pb_image_4 et_pb_image et_pb_module et_block_module\"><a href=\"https:\/\/wa.me\/351928128633\"><span class=\"et_pb_image_wrap\"><img decoding=\"async\" src=\"https:\/\/aloland.v.paler.net\/wp-content\/uploads\/sites\/13\/2025\/03\/WhatsAppButtonGreenSmall.png\" title=\"WhatsAppButtonGreenSmall\" \/><\/span><\/a><\/div><\/div><\/div><\/div><div class=\"et_pb_section_2 et_pb_section et_section_regular et_block_section\"><div class=\"et_pb_row_6 et_pb_row et_pb_row_4col et_block_row et_block_row_4col\"><div class=\"et_pb_column_14 et_pb_column et_pb_column_1_4 et_block_column et_pb_css_mix_blend_mode_passthrough\"><div class=\"et_pb_image_5 et_pb_image et_pb_module et_block_module\"><span class=\"et_pb_image_wrap\"><img decoding=\"async\" src=\"https:\/\/aloland.v.paler.net\/wp-content\/uploads\/sites\/13\/2025\/03\/instagram_image-20250321-055642-300x300.jpg\" title=\"instagram_image-20250321-055642\" \/><\/span><\/div><\/div><div class=\"et_pb_column_15 et_pb_column et_pb_column_1_4 et_block_column et_pb_css_mix_blend_mode_passthrough\"><div class=\"et_pb_image_6 et_pb_image et_pb_module et_block_module\"><span class=\"et_pb_image_wrap\"><img decoding=\"async\" src=\"https:\/\/aloland.v.paler.net\/wp-content\/uploads\/sites\/13\/2025\/03\/instagram_image-20250320-213110-300x300.jpg\" title=\"instagram_image-20250320-213110\" \/><\/span><\/div><\/div><div class=\"et_pb_column_16 et_pb_column et_pb_column_1_4 et_block_column et_pb_css_mix_blend_mode_passthrough\"><div class=\"et_pb_image_7 et_pb_image et_pb_module et_block_module\"><span class=\"et_pb_image_wrap\"><img decoding=\"async\" src=\"https:\/\/aloland.v.paler.net\/wp-content\/uploads\/sites\/13\/2025\/03\/instagram_image-20250320-213502.jpg\" title=\"instagram_image-20250320-213502\" \/><\/span><\/div><\/div><div class=\"et_pb_column_17 et_pb_column et_pb_column_1_4 et-last-child et_block_column et_pb_css_mix_blend_mode_passthrough\"><div class=\"et_pb_image_8 et_pb_image et_pb_module et_block_module\"><span class=\"et_pb_image_wrap\"><img decoding=\"async\" src=\"https:\/\/aloland.v.paler.net\/wp-content\/uploads\/sites\/13\/2025\/03\/PXL_20241126_170722518.MP-2-1-300x300.jpg\" title=\"PXL_20241126_170722518.MP (2) (1)\" \/><\/span><\/div><\/div><\/div><\/div>","protected":false},"excerpt":{"rendered":"","protected":false},"author":1,"featured_media":18650,"parent":0,"menu_order":0,"comment_status":"closed","ping_status":"closed","template":"","meta":{"footnotes":""},"class_list":["post-18660","page","type-page","status-publish","has-post-thumbnail","hentry"],"_links":{"self":[{"href":"https:\/\/alo.land\/pt\/wp-json\/wp\/v2\/pages\/18660","targetHints":{"allow":["GET"]}}],"collection":[{"href":"https:\/\/alo.land\/pt\/wp-json\/wp\/v2\/pages"}],"about":[{"href":"https:\/\/alo.land\/pt\/wp-json\/wp\/v2\/types\/page"}],"author":[{"embeddable":true,"href":"https:\/\/alo.land\/pt\/wp-json\/wp\/v2\/users\/1"}],"replies":[{"embeddable":true,"href":"https:\/\/alo.land\/pt\/wp-json\/wp\/v2\/comments?post=18660"}],"version-history":[{"count":16,"href":"https:\/\/alo.land\/pt\/wp-json\/wp\/v2\/pages\/18660\/revisions"}],"predecessor-version":[{"id":33079,"href":"https:\/\/alo.land\/pt\/wp-json\/wp\/v2\/pages\/18660\/revisions\/33079"}],"wp:featuredmedia":[{"embeddable":true,"href":"https:\/\/alo.land\/pt\/wp-json\/wp\/v2\/media\/18650"}],"wp:attachment":[{"href":"https:\/\/alo.land\/pt\/wp-json\/wp\/v2\/media?parent=18660"}],"curies":[{"name":"wp","href":"https:\/\/api.w.org\/{rel}","templated":true}]}}